{"id":4313,"date":"2026-03-04T11:55:16","date_gmt":"2026-03-04T11:55:16","guid":{"rendered":"https:\/\/universidadmadres.ar\/?page_id=4313"},"modified":"2026-03-31T00:43:35","modified_gmt":"2026-03-31T00:43:35","slug":"curso-titeres-irreverentes-el-legado-de-hebe","status":"publish","type":"page","link":"https:\/\/universidadmadres.ar\/?page_id=4313","title":{"rendered":"Curso: \u201cT\u00edteres irreverentes: El Legado de Hebe\u201d"},"content":{"rendered":"\n<figure class=\"wp-block-image size-large\"><img loading=\"lazy\" decoding=\"async\" width=\"1024\" height=\"1024\" src=\"https:\/\/universidadmadres.ar\/wp-content\/uploads\/2026\/03\/Titeres-1024x1024.png\" alt=\"\" class=\"wp-image-4314\" srcset=\"https:\/\/universidadmadres.ar\/wp-content\/uploads\/2026\/03\/Titeres-1024x1024.png 1024w, https:\/\/universidadmadres.ar\/wp-content\/uploads\/2026\/03\/Titeres-300x300.png 300w, https:\/\/universidadmadres.ar\/wp-content\/uploads\/2026\/03\/Titeres-150x150.png 150w, https:\/\/universidadmadres.ar\/wp-content\/uploads\/2026\/03\/Titeres-768x768.png 768w, https:\/\/universidadmadres.ar\/wp-content\/uploads\/2026\/03\/Titeres-550x550.png 550w, https:\/\/universidadmadres.ar\/wp-content\/uploads\/2026\/03\/Titeres.png 1080w\" sizes=\"auto, (max-width: 1024px) 100vw, 1024px\" \/><\/figure>\n\n\n\n<ul class=\"wp-block-list has-medium-font-size\">\n<li>Coordinadora: Ludmila Alma Ramos<\/li>\n\n\n\n<li>Duraci\u00f3n: 1 mes<\/li>\n\n\n\n<li>Carga horaria: 8 horas<\/li>\n\n\n\n<li>Modalidad de cursada: presencial, 4 encuentros de 2 horas cada uno<\/li>\n\n\n\n<li>Fecha de inicio: martes 14 de abril<\/li>\n\n\n\n<li>Horario: de 14:00 a 16:00 horas<\/li>\n<\/ul>\n\n\n\n<p class=\"has-medium-font-size\"><strong>Inscripci\u00f3n: <a href=\"https:\/\/docs.google.com\/forms\/d\/e\/1FAIpQLSebb0xj9cIcdh6pbsSgf-QNROgRkcXFViXRCEwhfALq70aqbg\/viewform\" data-type=\"link\" data-id=\"https:\/\/docs.google.com\/forms\/d\/1PIAW0mQhBHgbhGtRyQt7dxqqkfz_FDwo8zZ92p4wuTw\/edit\">Ingresar aqu\u00ed <\/a><\/strong><\/p>\n\n\n\n<p class=\"has-medium-font-size\">\ud83d\udcdaBecas para Seminarios y Cursos<br>Teniendo en cuenta la situaci\u00f3n econ\u00f3mica que est\u00e1 atravesando el Pueblo argentino a partir de las pol\u00edticas neoliberales impulsadas por el gobierno, las Madres de Plaza de Mayo han decidido ofrecer becas del 100% a quienes as\u00ed lo necesiten.<br>\u27a1\ufe0f Sin embargo, para poder seguir sosteniendo la Casa de las Madres, pod\u00e9s realizar un aporte solidario.<\/p>\n\n\n\n<p class=\"has-medium-font-size\">CONTENIDO<\/p>\n\n\n\n<p class=\"has-medium-font-size\">La historia de nuestro pa\u00eds es la historia de figuras irreverentes que se animaron a decir las cosas que pensaban a pesar de las consecuencias, marcando as\u00ed una forma especial de hacer pol\u00edtica. Hebe ocupa un lugar destacado entre ellas. A lo largo de su vida, transit\u00f3 su lucha- la de los treinta mil- con humor, iron\u00eda, una particular expresividad y un carisma que la convirtieron en una referente sensible y cercana.<\/p>\n\n\n\n<p class=\"has-medium-font-size\"><br>Este curso se propone recuperar esa esencia irreverente y transformadora a trav\u00e9s de la creaci\u00f3n de t\u00edteres con identidades definidas y un fuerte car\u00e1cter expresivo. La propuesta busca que estos personajes puedan ser veh\u00edculos de reflexi\u00f3n y expresi\u00f3n cr\u00edtica, retomando la capacidad de interpelaci\u00f3n que caracteriz\u00f3 a Hebe. Durante el desarrollo de las clases, el trabajo se organizar\u00e1 de manera grupal. Cada equipo dise\u00f1ar\u00e1 y ensamblar\u00e1 el cuerpo de su personaje y construir\u00e1 su historia, identidad y personalidad. Trabajaremos en un proceso colectivo de creaci\u00f3n y expresi\u00f3n art\u00edstica, pero tambi\u00e9n de construcci\u00f3n simb\u00f3lica,<br>poniendo en valor el ejercicio de la memoria activa.<\/p>\n\n\n\n<p class=\"has-medium-font-size\"><br><strong>Clase 1: \u201cConstrucci\u00f3n de personaje\u201d \u2013 morfolog\u00eda y discurso visual.<\/strong><br>Presentaci\u00f3n de la idea: \u00bfCon qu\u00e9 im\u00e1genes trabajamos? \u00bfQu\u00e9 es \u201cla impunidad del t\u00edtere\u201d?<br>Bloque 1: Breve historia de los t\u00edteres en la pol\u00edtica. Intercambio con fotos, citas, recortes y notas de Hebe, el Diego y Norma Pla.<br>Bloque 2: Dise\u00f1o de cabeza y rostro. (Rasgos, tama\u00f1os, relaci\u00f3n entre morfolog\u00eda y discurso).<br><\/p>\n\n\n\n<p class=\"has-medium-font-size\"><strong>Clase 2: \u201cEl t\u00edtere y la pol\u00edtica\u201d (La parodia, el humor como defensa, el absurdo).<\/strong><br>Bloque 1: El humor como acto pol\u00edtico. La alegor\u00eda. La burla.<br>Bloque 2: Cartapesta, ojos y ensamble de cabeza y boca. Dibujo y dise\u00f1o de cuerpo.<\/p>\n\n\n\n<p class=\"has-medium-font-size\"><strong>Clase 3: \u201cEl t\u00edtere en la calle\u201d.<\/strong><br>Bloque 1: Intervenciones y performance.<br>Bloque 2: Construcci\u00f3n del cuerpo (hombros, cuello, espalda, torso).Ropa y accesorios. Narrativa del personaje.<\/p>\n\n\n\n<p class=\"has-medium-font-size\"><strong>Clase 4: \u201c\u00daltimo encuentro\u201d: El titiritero como actor pol\u00edtico.<\/strong><br>Bloque 1: Comunidad titiritera y espacios de encuentro, festejo y resistencia.<br>Bloque 2: Presentaci\u00f3n de los t\u00edteres finalizados<\/p>\n\n\n\n<p class=\"has-medium-font-size\">Coordinadora: Ludmila Alma Ramos<br>Breve recorrido profesional:<\/p>\n\n\n\n<ul class=\"wp-block-list\">\n<li class=\"has-medium-font-size\">Estudiante avanzada de Licenciatura en Artes Esc\u00e9nicas cin focalizaci\u00f3n en teatro de t\u00edteres y<br>objetos- UnSaM<\/li>\n\n\n\n<li class=\"has-medium-font-size\">Formaci\u00f3n profesional en gesti\u00f3n cultural- Extensi\u00f3n de la Escuela de Arte y Patrimonio.<\/li>\n\n\n\n<li class=\"has-medium-font-size\">Formaci\u00f3n en Teatro- Clown (4 a\u00f1os). Escuela Art\u00edstica Violeta Parra.<\/li>\n\n\n\n<li class=\"has-medium-font-size\">Gesti\u00f3n y organizaci\u00f3n del dia del Ni\u00f1o para la Universidad de San Mart\u00edn (Secretar\u00eda de<br>extensi\u00f3n UNSAM y Escuela de Arte y patrimonio- coordinadora y referente territorial (2 a\u00f1os consecutivos) \/ planificacion y coordinacion de taller de t\u00edteres para infancias (1 a\u00f1o)<\/li>\n\n\n\n<li class=\"has-medium-font-size\">Centro Cultural Crecer de a Poco- acompa\u00f1ante territorial y tallerista (4 a\u00f1os)<br><\/li>\n<\/ul>\n","protected":false},"excerpt":{"rendered":"<p>Inscripci\u00f3n: Ingresar aqu\u00ed \ud83d\udcdaBecas para Seminarios y CursosTeniendo en cuenta la situaci\u00f3n econ\u00f3mica que est\u00e1 atravesando el Pueblo argentino a partir de las pol\u00edticas neoliberales impulsadas por el gobierno, las Madres de Plaza de Mayo han decidido ofrecer becas del 100% a quienes as\u00ed lo&#8230;<\/p>\n","protected":false},"author":2,"featured_media":4314,"parent":0,"menu_order":0,"comment_status":"closed","ping_status":"closed","template":"","meta":{"footnotes":""},"class_list":["post-4313","page","type-page","status-publish","has-post-thumbnail","hentry"],"_links":{"self":[{"href":"https:\/\/universidadmadres.ar\/index.php?rest_route=\/wp\/v2\/pages\/4313","targetHints":{"allow":["GET"]}}],"collection":[{"href":"https:\/\/universidadmadres.ar\/index.php?rest_route=\/wp\/v2\/pages"}],"about":[{"href":"https:\/\/universidadmadres.ar\/index.php?rest_route=\/wp\/v2\/types\/page"}],"author":[{"embeddable":true,"href":"https:\/\/universidadmadres.ar\/index.php?rest_route=\/wp\/v2\/users\/2"}],"replies":[{"embeddable":true,"href":"https:\/\/universidadmadres.ar\/index.php?rest_route=%2Fwp%2Fv2%2Fcomments&post=4313"}],"version-history":[{"count":3,"href":"https:\/\/universidadmadres.ar\/index.php?rest_route=\/wp\/v2\/pages\/4313\/revisions"}],"predecessor-version":[{"id":4376,"href":"https:\/\/universidadmadres.ar\/index.php?rest_route=\/wp\/v2\/pages\/4313\/revisions\/4376"}],"wp:featuredmedia":[{"embeddable":true,"href":"https:\/\/universidadmadres.ar\/index.php?rest_route=\/wp\/v2\/media\/4314"}],"wp:attachment":[{"href":"https:\/\/universidadmadres.ar\/index.php?rest_route=%2Fwp%2Fv2%2Fmedia&parent=4313"}],"curies":[{"name":"wp","href":"https:\/\/api.w.org\/{rel}","templated":true}]}}