{"id":4301,"date":"2026-03-04T11:43:53","date_gmt":"2026-03-04T11:43:53","guid":{"rendered":"https:\/\/universidadmadres.ar\/?page_id=4301"},"modified":"2026-03-31T00:44:52","modified_gmt":"2026-03-31T00:44:52","slug":"curso-historia-de-las-madres-de-plaza-de-mayo-i-1977-1986-de-buscar-a-los-hijos-a-nacer-de-ellos","status":"publish","type":"page","link":"https:\/\/universidadmadres.ar\/?page_id=4301","title":{"rendered":"Curso: \u00abHistoria de las Madres de Plaza de Mayo I (1977-1986): de buscar a los hijos a nacer de ellos\u00bb"},"content":{"rendered":"\n<figure class=\"wp-block-image size-large\"><img loading=\"lazy\" decoding=\"async\" width=\"1024\" height=\"1024\" src=\"https:\/\/universidadmadres.ar\/wp-content\/uploads\/2026\/03\/Curso-historia-de-madres--1024x1024.png\" alt=\"\" class=\"wp-image-4303\" srcset=\"https:\/\/universidadmadres.ar\/wp-content\/uploads\/2026\/03\/Curso-historia-de-madres--1024x1024.png 1024w, https:\/\/universidadmadres.ar\/wp-content\/uploads\/2026\/03\/Curso-historia-de-madres--300x300.png 300w, https:\/\/universidadmadres.ar\/wp-content\/uploads\/2026\/03\/Curso-historia-de-madres--150x150.png 150w, https:\/\/universidadmadres.ar\/wp-content\/uploads\/2026\/03\/Curso-historia-de-madres--768x768.png 768w, https:\/\/universidadmadres.ar\/wp-content\/uploads\/2026\/03\/Curso-historia-de-madres--550x550.png 550w, https:\/\/universidadmadres.ar\/wp-content\/uploads\/2026\/03\/Curso-historia-de-madres-.png 1080w\" sizes=\"auto, (max-width: 1024px) 100vw, 1024px\" \/><\/figure>\n\n\n\n<ul class=\"wp-block-list has-medium-font-size\">\n<li>Docentes: Demetrio Iramain, Elisa Epstein, Julieta Zingoni, Fernando Aschkar, Felipe&nbsp; Rinesi, V\u00edctor Lupia.<\/li>\n\n\n\n<li>Duraci\u00f3n: 4 clases<\/li>\n\n\n\n<li>Modalidad de cursada: h\u00edbrida&nbsp;<\/li>\n\n\n\n<li>Inicio: Martes 14 de abril<\/li>\n\n\n\n<li>Horario: 18:00<\/li>\n<\/ul>\n\n\n\n<p class=\"has-medium-font-size\"><strong>Inscripci\u00f3n: <a href=\"https:\/\/docs.google.com\/forms\/d\/e\/1FAIpQLSebb0xj9cIcdh6pbsSgf-QNROgRkcXFViXRCEwhfALq70aqbg\/viewform\" data-type=\"link\" data-id=\"https:\/\/docs.google.com\/forms\/d\/1PIAW0mQhBHgbhGtRyQt7dxqqkfz_FDwo8zZ92p4wuTw\/edit\">Ingresar aqu\u00ed <\/a><\/strong><\/p>\n\n\n\n<p class=\"has-medium-font-size\">\ud83d\udcdaBecas para Seminarios y Cursos<br>Teniendo en cuenta la situaci\u00f3n econ\u00f3mica que est\u00e1 atravesando el Pueblo argentino a partir de las pol\u00edticas neoliberales impulsadas por el gobierno, las Madres de Plaza de Mayo han decidido ofrecer becas del 100% a quienes as\u00ed lo necesiten.<br>\u27a1\ufe0f Sin embargo, para poder seguir sosteniendo la Casa de las Madres, pod\u00e9s realizar un aporte solidario.<\/p>\n\n\n\n<p class=\"has-medium-font-size\"><strong>Contenidos<\/strong><\/p>\n\n\n\n<p class=\"has-medium-font-size\">La historia de las Madres de Plaza de Mayo es muy singular. Su surgimiento, consolidaci\u00f3n y expansi\u00f3n de objetivos, interpela a importantes actores de la vida pol\u00edtica, cultural, sindical, judicial de entonces, que exceden a la dictadura. Si bien se les reconoce el coraje y la valent\u00eda que las distingue, no sucede lo mismo con la enorme val\u00eda de sus formulaciones subjetivas y te\u00f3ricas. En este curso intentaremos hacerlo, analizando con detenimiento sus primeros 9 a\u00f1os de lucha, desde que salieron a la calle hasta que se produjo una ruptura interna.&nbsp;<\/p>\n\n\n\n<p class=\"has-medium-font-size\"><strong>Clase 1<\/strong>: A\u00f1o 1977. Ir a la Plaza. El gran salto colectivo. Contexto. Represi\u00f3n y complicidad. Miedo e incapacidad de respuesta. Secuestro de las tres Madres.&nbsp;<\/p>\n\n\n\n<p class=\"has-medium-font-size\"><strong>Clase 2<\/strong>: 1978-1980 Defender la Plaza como una trinchera. Rechazar la muerte. Institucionalidad y lucha. Aparici\u00f3n con vida.&nbsp;<\/p>\n\n\n\n<p class=\"has-medium-font-size\"><strong>Clase 3<\/strong>: 1981-1983 Ocaso y fin de la dictadura. Marcha de la Resistencia. Malvinas. Siluetas.&nbsp;<\/p>\n\n\n\n<p class=\"has-medium-font-size\"><strong>Clase 4<\/strong>: 1983-1986 \u00bfDemocracia o postdictadura? Dos Demonios. Juicio. Ruptura en Madres.<\/p>\n","protected":false},"excerpt":{"rendered":"<p>Inscripci\u00f3n: Ingresar aqu\u00ed \ud83d\udcdaBecas para Seminarios y CursosTeniendo en cuenta la situaci\u00f3n econ\u00f3mica que est\u00e1 atravesando el Pueblo argentino a partir de las pol\u00edticas neoliberales impulsadas por el gobierno, las Madres de Plaza de Mayo han decidido ofrecer becas del 100% a quienes as\u00ed lo&#8230;<\/p>\n","protected":false},"author":2,"featured_media":4303,"parent":0,"menu_order":0,"comment_status":"closed","ping_status":"closed","template":"","meta":{"footnotes":""},"class_list":["post-4301","page","type-page","status-publish","has-post-thumbnail","hentry"],"_links":{"self":[{"href":"https:\/\/universidadmadres.ar\/index.php?rest_route=\/wp\/v2\/pages\/4301","targetHints":{"allow":["GET"]}}],"collection":[{"href":"https:\/\/universidadmadres.ar\/index.php?rest_route=\/wp\/v2\/pages"}],"about":[{"href":"https:\/\/universidadmadres.ar\/index.php?rest_route=\/wp\/v2\/types\/page"}],"author":[{"embeddable":true,"href":"https:\/\/universidadmadres.ar\/index.php?rest_route=\/wp\/v2\/users\/2"}],"replies":[{"embeddable":true,"href":"https:\/\/universidadmadres.ar\/index.php?rest_route=%2Fwp%2Fv2%2Fcomments&post=4301"}],"version-history":[{"count":4,"href":"https:\/\/universidadmadres.ar\/index.php?rest_route=\/wp\/v2\/pages\/4301\/revisions"}],"predecessor-version":[{"id":4377,"href":"https:\/\/universidadmadres.ar\/index.php?rest_route=\/wp\/v2\/pages\/4301\/revisions\/4377"}],"wp:featuredmedia":[{"embeddable":true,"href":"https:\/\/universidadmadres.ar\/index.php?rest_route=\/wp\/v2\/media\/4303"}],"wp:attachment":[{"href":"https:\/\/universidadmadres.ar\/index.php?rest_route=%2Fwp%2Fv2%2Fmedia&parent=4301"}],"curies":[{"name":"wp","href":"https:\/\/api.w.org\/{rel}","templated":true}]}}