{"id":4298,"date":"2026-03-04T11:41:38","date_gmt":"2026-03-04T11:41:38","guid":{"rendered":"https:\/\/universidadmadres.ar\/?page_id=4298"},"modified":"2026-03-31T00:42:51","modified_gmt":"2026-03-31T00:42:51","slug":"curso-ortega-pena-y-duhalde-abogados-entre-la-historia-y-la-revolucion","status":"publish","type":"page","link":"https:\/\/universidadmadres.ar\/?page_id=4298","title":{"rendered":"Curso: \u201cOrtega Pe\u00f1a y Duhalde. Abogados entre la historia y la revoluci\u00f3n\u201d"},"content":{"rendered":"\n<figure class=\"wp-block-image size-large\"><img loading=\"lazy\" decoding=\"async\" width=\"1024\" height=\"1024\" src=\"https:\/\/universidadmadres.ar\/wp-content\/uploads\/2026\/03\/Ortega-y-duhalde--1024x1024.png\" alt=\"\" class=\"wp-image-4299\" srcset=\"https:\/\/universidadmadres.ar\/wp-content\/uploads\/2026\/03\/Ortega-y-duhalde--1024x1024.png 1024w, https:\/\/universidadmadres.ar\/wp-content\/uploads\/2026\/03\/Ortega-y-duhalde--300x300.png 300w, https:\/\/universidadmadres.ar\/wp-content\/uploads\/2026\/03\/Ortega-y-duhalde--150x150.png 150w, https:\/\/universidadmadres.ar\/wp-content\/uploads\/2026\/03\/Ortega-y-duhalde--768x768.png 768w, https:\/\/universidadmadres.ar\/wp-content\/uploads\/2026\/03\/Ortega-y-duhalde--550x550.png 550w, https:\/\/universidadmadres.ar\/wp-content\/uploads\/2026\/03\/Ortega-y-duhalde-.png 1080w\" sizes=\"auto, (max-width: 1024px) 100vw, 1024px\" \/><\/figure>\n\n\n\n<ul class=\"wp-block-list\">\n<li class=\"has-medium-font-size\">Docente: Luis Hip\u00f3lito Al\u00e9n<\/li>\n\n\n\n<li class=\"has-medium-font-size\">Duraci\u00f3n: 1 mes<\/li>\n\n\n\n<li class=\"has-medium-font-size\">Carga horaria: 8 horas<\/li>\n\n\n\n<li class=\"has-medium-font-size\">Modalidad de cursada: virtual, a trav\u00e9s de un campus virtual por zoom, disponible las 24\u202fhs desde cualquier lugar. Se podr\u00e1 coordinar una instancia h\u00edbrida opcional.&nbsp;<\/li>\n\n\n\n<li class=\"has-medium-font-size\">Todo el material estar\u00e1 disponible hasta 10 d\u00edas despu\u00e9s de finalizado el curso.<\/li>\n\n\n\n<li class=\"has-medium-font-size\">Fecha de inicio: martes 14 de abril\u00a0<\/li>\n\n\n\n<li class=\"has-medium-font-size\">Horario: de 17 a 19hs&nbsp;<\/li>\n<\/ul>\n\n\n\n<p class=\"has-medium-font-size\"><strong>Inscripci\u00f3n: <a href=\"https:\/\/docs.google.com\/forms\/d\/e\/1FAIpQLSebb0xj9cIcdh6pbsSgf-QNROgRkcXFViXRCEwhfALq70aqbg\/viewform\" data-type=\"link\" data-id=\"https:\/\/docs.google.com\/forms\/d\/1PIAW0mQhBHgbhGtRyQt7dxqqkfz_FDwo8zZ92p4wuTw\/edit\">Ingresar aqu\u00ed <\/a><\/strong><\/p>\n\n\n\n<p class=\"has-medium-font-size\">\ud83d\udcdaBecas para Seminarios y Cursos<br>Teniendo en cuenta la situaci\u00f3n econ\u00f3mica que est\u00e1 atravesando el Pueblo argentino a partir de las pol\u00edticas neoliberales impulsadas por el gobierno, las Madres de Plaza de Mayo han decidido ofrecer becas del 100% a quienes as\u00ed lo necesiten.<br>\u27a1\ufe0f Sin embargo, para poder seguir sosteniendo la Casa de las Madres, pod\u00e9s realizar un aporte solidario.<\/p>\n\n\n\n<p class=\"has-medium-font-size\"><strong>Fundamentaci\u00f3n<\/strong><\/p>\n\n\n\n<p class=\"has-medium-font-size\">Este curso propone un recorrido por las trayectorias de Rodolfo Ortega Pe\u00f1a y Eduardo Luis Duhalde, como figuras paradigm\u00e1ticas de las luchas pol\u00edticas desde los a\u00f1os \u201960 y hasta el 2012. Propone la reflexi\u00f3n acerca del ejercicio del derecho como b\u00fasqueda de justicia integral; el estudio de la historia argentina como relaci\u00f3n de las luchas por la liberaci\u00f3n nacional y el trabajo desde las instituciones estatales como forma de contribuir a la construcci\u00f3n de una patria justa, libre y soberana.<\/p>\n\n\n\n<p class=\"has-medium-font-size\"><strong>Contenidos y cronograma<\/strong><\/p>\n\n\n\n<p class=\"has-medium-font-size\">Clase 1: Abogados de trabajadores, constructores de consensos.<\/p>\n\n\n\n<p class=\"has-medium-font-size\">Clase 2: La Historia viva de las luchas populares.<\/p>\n\n\n\n<p class=\"has-medium-font-size\">Clase 3: De la defensa de luchadores al tribuno de la plebe.<\/p>\n\n\n\n<p class=\"has-medium-font-size\">Clase 4: La construcci\u00f3n de una pol\u00edtica p\u00fablica de derechos humanos.<\/p>\n\n\n\n<p class=\"has-medium-font-size\"><strong>Bibliograf\u00eda&nbsp;<\/strong><\/p>\n\n\n\n<ul class=\"wp-block-list\">\n<li>Libros&nbsp;<\/li>\n<\/ul>\n\n\n\n<p>Adam, Ana M., Cavilliotti, Marta y Gonz\u00e1lez, Oscar. Ortega Pe\u00f1a: un diputado, Buenos Aires, Paradigma, 1997.&nbsp;<\/p>\n\n\n\n<p>Duhalde, Eduardo Luis y Al\u00e9n, Luis Hip\u00f3lito: Tribuno de la plebe. Vida y muerte de Rodolfo Ortega Pe\u00f1a. Buenos Aires, Ediciones Colihue, 2024.<\/p>\n\n\n\n<p>Eidelmann, Ariel, Militancia e historia en el peronismo revolucionario de los a\u00f1os 60: Ortega Pe\u00f1a y Duhalde, Cuaderno de Trabajo N\u00ba 31, Ediciones del Instituto Movilizador de Fondos Cooperativos, enero 2004.&nbsp;<\/p>\n\n\n\n<p>Stavale, Mariela: Un peronismo alternativo para la revoluci\u00f3n. La experiencia pol\u00edtica y editorial de las revistas Militancia y De Frente, Colecci\u00f3n Entre los libros de la buena memoria, Universidades de La Plata, General Sarmiento y Misiones, 2023.&nbsp;&nbsp;<\/p>\n\n\n\n<p>Waisberg, Pablo y Celesia, Felipe, La ley y las armas, Buenos Aires, Aguilar, 2007.&nbsp;&nbsp;<\/p>\n\n\n\n<ul class=\"wp-block-list\">\n<li>Art\u00edculos de Eduardo Luis Duhalde:&nbsp;&nbsp;<\/li>\n<\/ul>\n\n\n\n<p>\u201cRodolfo Ortega Pe\u00f1a: un rayo que no cesa\u201d, revista Entre Todos, Buenos Aires, A\u00f1o 2, N\u00ba 19, julio de 1986.&nbsp;<\/p>\n\n\n\n<p>\u201cRodolfo Ortega Pe\u00f1a: Modelo Para Armar\u201d, revista Hologram\u00e1tica, Facultad de Ciencias Sociales UNLZ, N\u00ba 6, v.6, pp.3-12.&nbsp;&nbsp;<\/p>\n\n\n\n<p>\u201cUna voz del pueblo\u201d, diario P\u00e1gina\/12, 31\/7\/1999.&nbsp;&nbsp;<\/p>\n\n\n\n<p>\u201cOrtega Pe\u00f1a y Duhalde\u201d, revista Haroldo, 12\/09\/2020.&nbsp;<\/p>\n\n\n\n<ul class=\"wp-block-list\">\n<li>Art\u00edculos de Luis Hip\u00f3lito Al\u00e9n:<\/li>\n<\/ul>\n\n\n\n<p>\u201cCooke, Ortega Pe\u00f1a, Duhalde. El derecho y la revoluci\u00f3n\u201d. En: \u201cActas del Congreso Nacional de Filosof\u00eda 2019\u201d, Universidad Nacional de Lan\u00fas&nbsp;<\/p>\n\n\n\n<p>Las m\u00faltiples dimensiones de Eduardo Luis Duhalde (In Memoriam) Revista Zigurat, N\u00ba 7. Editada por la Carrera de Ciencias Sociales de la Facultad de Ciencias Sociales de la Universidad de Buenos Aires, mayo 2013&nbsp;<\/p>\n\n\n\n<p>Resignificar la historia. Eduardo Luis Duhalde y el revisionismo hist\u00f3rico. Revista Viento Sur, N\u00ba 14. Editada por la Universidad Nacional de Lan\u00fas, diciembre 2016.<\/p>\n\n\n\n<ul class=\"wp-block-list\">\n<li>Trabajos presentados sobre Ortega Pe\u00f1a y Duhalde en Congresos y Revistas:&nbsp;<\/li>\n<\/ul>\n\n\n\n<p>Pulfer, Dar\u00edo, \u201cOrtega Pe\u00f1a y Duhalde editores: la experiencia de Sudestada\u201d, en el VII Congreso de estudios sobre el Peronismo. Chama, Mauricio, \u201cPeronizaci\u00f3n y radicalizaci\u00f3n de grupos de abogados en los a\u00f1os 60 y principios de los 70\u201d, Cuestiones de Sociolog\u00eda. Revista de Estudios Sociales, N\u00ba3, UNLP oto\u00f1o 2006.<\/p>\n\n\n\n<p>El retorno de Per\u00f3n. (Alienaci\u00f3n y contrarrevoluci\u00f3n de las \u201cizquierdas\u201d), Buenos Aires, Lanza Seca, noviembre de 1964.&nbsp;&nbsp;<\/p>\n\n\n\n<p>Estudio preliminar a Alberdi, los mitristas y la Guerra de la Triple Alianza, trabajo de David Pe\u00f1a, Buenos Aires, Pe\u00f1a Lillo, 1965.&nbsp;&nbsp;<\/p>\n\n\n\n<p>El asesinato de Dorrego: poder, oligarqu\u00eda y penetraci\u00f3n extranjera en el R\u00edo de la Plata, Buenos Aires, Pe\u00f1a Lillo, 1966.&nbsp;&nbsp;<\/p>\n\n\n\n<p>Felipe Varela contra el imperio Brit\u00e1nico: Las masas de la Uni\u00f3n Americana enfrentan a las potencias europeas, Buenos Aires, Sudestada, 1966.&nbsp;&nbsp;<\/p>\n\n\n\n<p>Las guerras civiles argentinas y la historiograf\u00eda, Buenos Aires, Sudestada, 1967.&nbsp;&nbsp;<\/p>\n\n\n\n<p>Folklore argentino y revisionismo hist\u00f3rico (La montonera de Felipe Varela en el cantar popular), Buenos Aires, Sudestada, 1967.&nbsp;&nbsp;<\/p>\n\n\n\n<p>El manifiesto de Felipe Varela y la cuesti\u00f3n nacional: Manifiesto del general Felipe Varela a los pueblos americanos sobre los acontecimientos pol\u00edticos de la Rep\u00fablica Argentina en los a\u00f1os 1866 y 1867, Buenos Aires, Sudestada, 1968.&nbsp;&nbsp;<\/p>\n\n\n\n<p>San Mart\u00edn y Rosas: Pol\u00edtica nacionalista en Am\u00e9rica, Buenos Aires, Sudestada, 1968.&nbsp; Baring Brothers y la historia pol\u00edtica argentina: la banca brit\u00e1nica y el proceso hist\u00f3rico nacional de 1824 a 1890, Buenos Aires, Sudestada, 1968.&nbsp;<\/p>\n\n\n\n<p>Facundo y la montonera: historia de la resistencia nacional a la penetraci\u00f3n brit\u00e1nica, Buenos Aires, Plus Ultra, 1968.&nbsp;<\/p>\n\n\n\n<p>\u201cMariano Moreno: utop\u00eda y revoluci\u00f3n\u201d en Claves de Historia Argentina, Carlos Astrada y otros, Buenos Aires, Mar\u00edn, Serie Nuestros Ayeres, 1968.&nbsp;<\/p>\n\n\n\n<p>\u201cSignificaci\u00f3n de la pol\u00edtica de Juan Manuel de Rosas\u201d, estudio preliminar a las Instrucciones a los mayordomos de estancias, de Juan Manuel de Rosas, Buenos Aires, Astral, 1968.&nbsp;&nbsp;<\/p>\n\n\n\n<p>\u201cLa guerra de la Triple Alianza y la historiograf\u00eda liberal\u201d, estudio preliminar al libro El Tratado de la Triple Alianza de Estanislao Zeballos, Buenos Aires, Astral, 1968.&nbsp;&nbsp;<\/p>\n\n\n\n<p>Proceso a la montonera de Felipe Varela por la toma de Salta, Buenos Aires, Sudestada, 1969.&nbsp;&nbsp;<\/p>\n\n\n\n<p>Reportaje a Felipe Varela, Buenos Aires, Jorge \u00c1lvarez, 1969.&nbsp;&nbsp;<\/p>\n\n\n\n<p>Estudio preliminar a Solano L\u00f3pez, Francisco: Pensamiento pol\u00edtico, Buenos Aires, Sudestada 1969&nbsp;&nbsp;<\/p>\n\n\n\n<p>Pr\u00f3logo al libro de Carlos Fern\u00e1ndez Pardo, \u201cNazario Benavidez, caudillo federal\u201d, Sudestada, 1969.&nbsp;&nbsp;<\/p>\n\n\n\n<p>Debates con Juan Pablo Oliver acerca de la guerra contra el Paraguay, Bolet\u00edn del Instituto de Investigaciones Hist\u00f3ricas Juan Manuel de Rosas, n\u00fameros 4-6 (abril, mayo y septiembre de 1969).&nbsp;&nbsp;<\/p>\n\n\n\n<p>La guerra de la triple alianza y el revisionismo mitrista, Bolet\u00edn del Instituto de Investigaciones Hist\u00f3ricas Juan Manuel de Rosas, 1969.&nbsp;<\/p>\n\n\n\n<ul class=\"wp-block-list\">\n<li>Obras de Eduardo Luis Duhalde:&nbsp;<\/li>\n<\/ul>\n\n\n\n<p>(con Eduardo P\u00e9rez): De Taco Ralo a la alternativa independiente. Historia documental de las Fuerzas Armadas Peronistas y el Peronismo de Base. La Plata, Ed. La Campana, 2003.<\/p>\n\n\n\n<p>El estado terrorista argentino (edici\u00f3n definitiva). Buenos Aires, Ediciones Colihue. 2013 (Con Enrique Dratman): Chiapas la nueva insurgencia: la rebeli\u00f3n zapatista y la crisis del estado mexicano. Buenos Aires, Ediciones del Pensamiento Nacional, 1994.<\/p>\n\n\n\n<p>Espejos rotos: el Che y Lope de Aguirre : la \u00e9tica y los presupuestos de la violencia. Buenos Aires, Ed. De la Aldaba 1997.<\/p>\n\n\n\n<p>Asesinos sin fronteras. La CIA, el Batall\u00f3n 601 de inteligencia y las operaciones internacionales del Estado Terrorista Argentino. El caso Molfino. Buenos Aires, Ed. Tren en movimiento, 2021.&nbsp;<\/p>\n\n\n\n<p>Contra Mitre. Los intelectuales y el poder: de Caseros al 80. Buenos Aires. Ediciones Punto Cr\u00edtico, 2005.<\/p>\n\n\n\n<p>El ex detenido-desaparecido como testigo de los juicios por cr\u00edmenes de lesa humanidad (con Fabiana Rousseaux). Fundaci\u00f3n Eduardo Luis Duhalde, Buenos Aires 2015.<\/p>\n\n\n\n<p class=\"has-medium-font-size\">*Luis Hip\u00f3lito Al\u00e9n, docente<\/p>\n\n\n\n<p class=\"has-medium-font-size\">Abogado. Hasta el 30\/04\/2024 fue Director de la Licenciatura en Justicia y Derechos Humanos de la Universidad Nacional de Lan\u00fas, y Profesor titular de Derechos Humanos y Comunicaci\u00f3n y de Introducci\u00f3n al Sistema Judicial Argentino. Profesor titular por concurso de Derecho a la Informaci\u00f3n en la Carrera de Ciencias de la Comunicaci\u00f3n de la Facultad de Ciencias Sociales de la Universidad de Buenos Aires, hasta el 30\/04\/2024. Ministro de Justicia y Seguridad en la Intervenci\u00f3n Federal en Santiago del Estero (2004\/2005). Jefe de Gabinete de la Secretar\u00eda de Derechos Humanos de la Naci\u00f3n (2005\/2007). Subsecretario de Protecci\u00f3n de Derechos Humanos de la Naci\u00f3n (2007\/2015).<\/p>\n\n\n\n<p class=\"has-medium-font-size\">Autor de diversos t\u00edtulos:&nbsp;<\/p>\n\n\n\n<p>\u201cDerecho a comunicar y comunicar derechos\u201d, Ediciones de la Universidad de Lan\u00fas, Remedios de Escalada, 2018.<\/p>\n\n\n\n<p>\u201cLecciones de Derecho a la Informaci\u00f3n\u201d (con Carlos A. Gonz\u00e1lez Gartland y Ricardo Espar\u00eds); Ediciones Colihue, Buenos Aires 1993.<\/p>\n\n\n\n<p>\u201cTeor\u00eda Jur\u00eddico-Pol\u00edtica de la Comunicaci\u00f3n\u201d (con Eduardo Luis Duhalde); 2\u00aa edici\u00f3n, EUDEBA, Buenos Aires 2022.<\/p>\n\n\n\n<p>Obras colectivas: \u201cEl Estado Nacional y su rol de querellante en los procesos por violaciones a los Derechos Humanos\u201d, en el libro: \u201cAportes jur\u00eddicos para el an\u00e1lisis y juzgamiento del genocidio en Argentina\u201d; publicado por la Secretar\u00eda de Derechos Humanos del Gobierno de la Provincia de Buenos Aires, La Plata 2007.<\/p>\n\n\n\n<p>\u201cLa violencia contra el disidente como hilo conductor en la Historia Argentina. Algunas pr\u00e1cticas genocidas\u201d en el libro: \u201cTradiciones en pugna. 200 a\u00f1os de Historia Argentina\u201d; EUDEBA-CENTRO CULTURAL DE LA MEMORIA \u00abHAROLDO CONTI\u00bb, Buenos Aires 2011.<\/p>\n\n\n\n<p>\u201cLa doctrina de la Real Malicia\u201d en el n\u00ba 1 del Anuario de Derecho a la Comunicaci\u00f3n; Cat\u00e1logos-Siglo XXI, Buenos Aires 2001.<\/p>\n\n\n\n<p>\u201cCap\u00edtulo VIII. Libertad de expresi\u00f3n y Derecho a la Informaci\u00f3n (colaborando con el Dr. Eduardo Luis Duhalde y la Lic. Ver\u00f3nica Mo\u00f1ino)\u201d en el libro: \u201cDerechos Humanos en la Argentina. Informe Anual 2000. Centro de Estudios Legales y Sociales (CELS); CELS-Eudeba, Buenos Aires, 2000.<\/p>\n\n\n\n<p>\u201cUn aporte especial: La Secretar\u00eda de Derechos Humanos en el Proceso de Memoria, Verdad y Justicia\u201d en el libro: \u201cEl horror en el banquillo. Anales del genocidio argentino. 1. Campo de Mayo (Juicios I a IX)\u201d de Ciro Annichiarico; Ediciones Colihue, Buenos Aires 2014<\/p>\n\n\n\n<p>\u201cMedios de comunicaci\u00f3n, democracia y derechos humanos\u201d en el Libro: \u201cLa integraci\u00f3n regional. Desaf\u00edos jur\u00eddicos\u201d; Asociaci\u00f3n Americana de Juristas, Buenos Aires 2015.<\/p>\n\n\n\n<p>\u201cArgentina: Entre \u00e1guilas y c\u00f3ndores. La coordinaci\u00f3n represiva en la dictadura c\u00edvico-militar de 1976-1983\u201d en el libro: \u201cA cuarenta a\u00f1os del C\u00f3ndor\u201d, edici\u00f3n digital del Instituto de Pol\u00edticas P\u00fablicas en Derechos Humanos del MERCOSUR, Buenos Aires 2015<\/p>\n\n\n\n<p>Expositor en numerosos paneles y conferencias en el pa\u00eds y en el exterior.<\/p>\n","protected":false},"excerpt":{"rendered":"<p>Inscripci\u00f3n: Ingresar aqu\u00ed \ud83d\udcdaBecas para Seminarios y CursosTeniendo en cuenta la situaci\u00f3n econ\u00f3mica que est\u00e1 atravesando el Pueblo argentino a partir de las pol\u00edticas neoliberales impulsadas por el gobierno, las Madres de Plaza de Mayo han decidido ofrecer becas del 100% a quienes as\u00ed lo&#8230;<\/p>\n","protected":false},"author":2,"featured_media":4299,"parent":0,"menu_order":0,"comment_status":"closed","ping_status":"closed","template":"","meta":{"footnotes":""},"class_list":["post-4298","page","type-page","status-publish","has-post-thumbnail","hentry"],"_links":{"self":[{"href":"https:\/\/universidadmadres.ar\/index.php?rest_route=\/wp\/v2\/pages\/4298","targetHints":{"allow":["GET"]}}],"collection":[{"href":"https:\/\/universidadmadres.ar\/index.php?rest_route=\/wp\/v2\/pages"}],"about":[{"href":"https:\/\/universidadmadres.ar\/index.php?rest_route=\/wp\/v2\/types\/page"}],"author":[{"embeddable":true,"href":"https:\/\/universidadmadres.ar\/index.php?rest_route=\/wp\/v2\/users\/2"}],"replies":[{"embeddable":true,"href":"https:\/\/universidadmadres.ar\/index.php?rest_route=%2Fwp%2Fv2%2Fcomments&post=4298"}],"version-history":[{"count":3,"href":"https:\/\/universidadmadres.ar\/index.php?rest_route=\/wp\/v2\/pages\/4298\/revisions"}],"predecessor-version":[{"id":4375,"href":"https:\/\/universidadmadres.ar\/index.php?rest_route=\/wp\/v2\/pages\/4298\/revisions\/4375"}],"wp:featuredmedia":[{"embeddable":true,"href":"https:\/\/universidadmadres.ar\/index.php?rest_route=\/wp\/v2\/media\/4299"}],"wp:attachment":[{"href":"https:\/\/universidadmadres.ar\/index.php?rest_route=%2Fwp%2Fv2%2Fmedia&parent=4298"}],"curies":[{"name":"wp","href":"https:\/\/api.w.org\/{rel}","templated":true}]}}