{"id":4287,"date":"2026-03-04T11:28:17","date_gmt":"2026-03-04T11:28:17","guid":{"rendered":"https:\/\/universidadmadres.ar\/?page_id=4287"},"modified":"2026-03-31T00:42:16","modified_gmt":"2026-03-31T00:42:16","slug":"seminario-ajedrez-ideas-en-juego","status":"publish","type":"page","link":"https:\/\/universidadmadres.ar\/?page_id=4287","title":{"rendered":"Seminario: \u201cAjedrez: ideas en juego\u201d"},"content":{"rendered":"\n<figure class=\"wp-block-image size-large\"><img loading=\"lazy\" decoding=\"async\" width=\"1024\" height=\"1024\" src=\"https:\/\/universidadmadres.ar\/wp-content\/uploads\/2026\/03\/Seminario-ajedrez-1024x1024.png\" alt=\"\" class=\"wp-image-4288\" srcset=\"https:\/\/universidadmadres.ar\/wp-content\/uploads\/2026\/03\/Seminario-ajedrez-1024x1024.png 1024w, https:\/\/universidadmadres.ar\/wp-content\/uploads\/2026\/03\/Seminario-ajedrez-300x300.png 300w, https:\/\/universidadmadres.ar\/wp-content\/uploads\/2026\/03\/Seminario-ajedrez-150x150.png 150w, https:\/\/universidadmadres.ar\/wp-content\/uploads\/2026\/03\/Seminario-ajedrez-768x768.png 768w, https:\/\/universidadmadres.ar\/wp-content\/uploads\/2026\/03\/Seminario-ajedrez-550x550.png 550w, https:\/\/universidadmadres.ar\/wp-content\/uploads\/2026\/03\/Seminario-ajedrez.png 1080w\" sizes=\"auto, (max-width: 1024px) 100vw, 1024px\" \/><\/figure>\n\n\n\n<ul class=\"wp-block-list\">\n<li class=\"has-medium-font-size\">Docente: Javier Ortega Morales*<\/li>\n\n\n\n<li class=\"has-medium-font-size\">Duraci\u00f3n: 8 encuentros<\/li>\n\n\n\n<li class=\"has-medium-font-size\">Carga horaria:&nbsp;16 hs<\/li>\n\n\n\n<li class=\"has-medium-font-size\">Modalidad de cursada: virtual. Plataformas Zoom y Lichess.org<\/li>\n\n\n\n<li class=\"has-medium-font-size\">Fecha de inicio: viernes 17 de abril de 2026<\/li>\n\n\n\n<li class=\"has-medium-font-size\">Fecha de cierre: viernes 5 de junio de 2026<\/li>\n\n\n\n<li class=\"has-medium-font-size\">Horario: 20 hs<\/li>\n<\/ul>\n\n\n\n<p class=\"has-medium-font-size\"><strong>Inscripci\u00f3n: <a href=\"https:\/\/docs.google.com\/forms\/d\/e\/1FAIpQLSebb0xj9cIcdh6pbsSgf-QNROgRkcXFViXRCEwhfALq70aqbg\/viewform\" data-type=\"link\" data-id=\"https:\/\/docs.google.com\/forms\/d\/1PIAW0mQhBHgbhGtRyQt7dxqqkfz_FDwo8zZ92p4wuTw\/edit\">Ingresar aqu\u00ed <\/a><\/strong><\/p>\n\n\n\n<p class=\"has-medium-font-size\">\ud83d\udcdaBecas para Seminarios y Cursos<br>Teniendo en cuenta la situaci\u00f3n econ\u00f3mica que est\u00e1 atravesando el Pueblo argentino a partir de las pol\u00edticas neoliberales impulsadas por el gobierno, las Madres de Plaza de Mayo han decidido ofrecer becas del 100% a quienes as\u00ed lo necesiten.<br>\u27a1\ufe0f Sin embargo, para poder seguir sosteniendo la Casa de las Madres, pod\u00e9s realizar un aporte solidario.<\/p>\n\n\n\n<p class=\"has-medium-font-size\"><strong>Fundamentaci\u00f3n<\/strong><\/p>\n\n\n\n<p class=\"has-medium-font-size\">En este seminario vamos a adentrarnos en el juego: sus caracter\u00edsticas, din\u00e1mica y objetivos. Pero tambi\u00e9n enlazaremos con su historia y sus distintos contextos sociales, su evoluci\u00f3n a trav\u00e9s de miles de a\u00f1os, y sus v\u00ednculos con las distintas culturas. Pondremos en juego herramientas como la l\u00f3gica, la creatividad, la memoria, la estrategia, la capacidad de resolver problemas, el autocontrol, la visi\u00f3n perif\u00e9rica y el pensamiento lateral.&nbsp;<\/p>\n\n\n\n<p class=\"has-medium-font-size\"><strong>Contenidos y din\u00e1mica<\/strong><\/p>\n\n\n\n<p class=\"has-medium-font-size\">Trabajaremos en dos m\u00f3dulos de 4 clases cada uno: en el primero nos centraremos en conceptos generales del juego y en el segundo abordaremos tem\u00e1ticas m\u00e1s espec\u00edficas como la T\u00e1ctica y la Estrategia, sin abandonar en ambos la idea del ajedrez en sus distintas facetas hist\u00f3ricas, y socioculturales.<\/p>\n\n\n\n<p>*Javier Ortega Morales, docente<\/p>\n\n\n\n<p class=\"has-medium-font-size\">Es Profesor de Ajedrez desde 1988. Ha desarrollado durante varias d\u00e9cadas Planes Educativos con el ajedrez como eje.&nbsp;Es uno de los pioneros en utilizar el ajedrez como elemento terap\u00e9utico en el tratamiento de enfermedades neurodegenerativas (Alzheimer, demencias vasculares, etc.), desarrollando su <em>Teor\u00eda de los escalones<\/em>, y la incidencia de la pr\u00e1ctica en asentarse en los recuerdos y acompa\u00f1ar el retorno al presente. Cre\u00f3 un espacio de Ajedrez Reinsertivo para ni\u00f1as y ni\u00f1os en situaciones de extrema pobreza, y de infancias expuestas, bajo la tutela de jueces de menores y Minoridad y Familia. Dise\u00f1\u00f3 y dirigi\u00f3 el Proyecto Imagina, destinado a vincular en la situaci\u00f3n de juego a no videntes y disminuidos visuales, con videntes, en un tablero braille \u00fanico, donde interact\u00faan representantes de cada minor\u00eda; colocando en una situaci\u00f3n absolutamente emp\u00e1tica al que tiene la posibilidad de ver. Dicta clases en Centros Socioeducativos y Comunitarios a ni\u00f1os en situaciones de riesgo, en el Plan de Ajedrez de la provincia de Buenos Aires. Dicta clases en la Universidad Nacional de General San Mart\u00edn, donde tambi\u00e9n cre\u00f3 la Diplomatura en aspectos educativos, socio culturales y deportivos del Ajedrez. Hace 15 a\u00f1os comenz\u00f3 y contin\u00faa desarrollando, el Primer Proyecto de Ajedrez como Eje Transversal de la Educaci\u00f3n. Desde la sala de 4 a\u00f1os hasta el \u00faltimo a\u00f1o de Educaci\u00f3n Secundaria, los\/as estudiantes vivencian en modo OBLIGATORIO al Ajedrez como una materia curricular.<\/p>\n","protected":false},"excerpt":{"rendered":"<p>Inscripci\u00f3n: Ingresar aqu\u00ed \ud83d\udcdaBecas para Seminarios y CursosTeniendo en cuenta la situaci\u00f3n econ\u00f3mica que est\u00e1 atravesando el Pueblo argentino a partir de las pol\u00edticas neoliberales impulsadas por el gobierno, las Madres de Plaza de Mayo han decidido ofrecer becas del 100% a quienes as\u00ed lo&#8230;<\/p>\n","protected":false},"author":2,"featured_media":4288,"parent":0,"menu_order":0,"comment_status":"closed","ping_status":"closed","template":"","meta":{"footnotes":""},"class_list":["post-4287","page","type-page","status-publish","has-post-thumbnail","hentry"],"_links":{"self":[{"href":"https:\/\/universidadmadres.ar\/index.php?rest_route=\/wp\/v2\/pages\/4287","targetHints":{"allow":["GET"]}}],"collection":[{"href":"https:\/\/universidadmadres.ar\/index.php?rest_route=\/wp\/v2\/pages"}],"about":[{"href":"https:\/\/universidadmadres.ar\/index.php?rest_route=\/wp\/v2\/types\/page"}],"author":[{"embeddable":true,"href":"https:\/\/universidadmadres.ar\/index.php?rest_route=\/wp\/v2\/users\/2"}],"replies":[{"embeddable":true,"href":"https:\/\/universidadmadres.ar\/index.php?rest_route=%2Fwp%2Fv2%2Fcomments&post=4287"}],"version-history":[{"count":3,"href":"https:\/\/universidadmadres.ar\/index.php?rest_route=\/wp\/v2\/pages\/4287\/revisions"}],"predecessor-version":[{"id":4374,"href":"https:\/\/universidadmadres.ar\/index.php?rest_route=\/wp\/v2\/pages\/4287\/revisions\/4374"}],"wp:featuredmedia":[{"embeddable":true,"href":"https:\/\/universidadmadres.ar\/index.php?rest_route=\/wp\/v2\/media\/4288"}],"wp:attachment":[{"href":"https:\/\/universidadmadres.ar\/index.php?rest_route=%2Fwp%2Fv2%2Fmedia&parent=4287"}],"curies":[{"name":"wp","href":"https:\/\/api.w.org\/{rel}","templated":true}]}}