{"id":4285,"date":"2026-03-04T11:57:38","date_gmt":"2026-03-04T11:57:38","guid":{"rendered":"https:\/\/universidadmadres.ar\/?page_id=4285"},"modified":"2026-03-31T00:39:15","modified_gmt":"2026-03-31T00:39:15","slug":"seminario-la-antipoetica-de-lo-real-el-documental-de-investigacion","status":"publish","type":"page","link":"https:\/\/universidadmadres.ar\/?page_id=4285","title":{"rendered":"Seminario: \u201cLa antipo\u00e9tica de lo real: el documental de investigaci\u00f3n\u201d"},"content":{"rendered":"\n<figure class=\"wp-block-image size-large\"><img loading=\"lazy\" decoding=\"async\" width=\"1024\" height=\"1024\" src=\"https:\/\/universidadmadres.ar\/wp-content\/uploads\/2026\/03\/WhatsApp-Image-2026-03-04-at-8.31.06-AM-1024x1024.jpeg\" alt=\"\" class=\"wp-image-4319\" srcset=\"https:\/\/universidadmadres.ar\/wp-content\/uploads\/2026\/03\/WhatsApp-Image-2026-03-04-at-8.31.06-AM-1024x1024.jpeg 1024w, https:\/\/universidadmadres.ar\/wp-content\/uploads\/2026\/03\/WhatsApp-Image-2026-03-04-at-8.31.06-AM-300x300.jpeg 300w, https:\/\/universidadmadres.ar\/wp-content\/uploads\/2026\/03\/WhatsApp-Image-2026-03-04-at-8.31.06-AM-150x150.jpeg 150w, https:\/\/universidadmadres.ar\/wp-content\/uploads\/2026\/03\/WhatsApp-Image-2026-03-04-at-8.31.06-AM-768x768.jpeg 768w, https:\/\/universidadmadres.ar\/wp-content\/uploads\/2026\/03\/WhatsApp-Image-2026-03-04-at-8.31.06-AM-550x550.jpeg 550w, https:\/\/universidadmadres.ar\/wp-content\/uploads\/2026\/03\/WhatsApp-Image-2026-03-04-at-8.31.06-AM.jpeg 1080w\" sizes=\"auto, (max-width: 1024px) 100vw, 1024px\" \/><\/figure>\n\n\n\n<ul class=\"wp-block-list has-medium-font-size\">\n<li>Docente: Mario Bravo Gallardo*<\/li>\n\n\n\n<li>Duraci\u00f3n: 8 meses (de abril a noviembre 2026)<\/li>\n\n\n\n<li>Carga horaria: 64 horas<\/li>\n\n\n\n<li>Modalidad de cursada: presencial, 4 encuentros mensuales de 2 horas cada uno<\/li>\n\n\n\n<li>Fecha de inicio: martes 14 de abril\u00a0<\/li>\n\n\n\n<li>Horario: de 18:30 a 20:30 horas<\/li>\n<\/ul>\n\n\n\n<p class=\"has-medium-font-size\"><strong>Inscripci\u00f3n: <a href=\"https:\/\/docs.google.com\/forms\/d\/e\/1FAIpQLSebb0xj9cIcdh6pbsSgf-QNROgRkcXFViXRCEwhfALq70aqbg\/viewform\" data-type=\"link\" data-id=\"https:\/\/docs.google.com\/forms\/d\/1PIAW0mQhBHgbhGtRyQt7dxqqkfz_FDwo8zZ92p4wuTw\/edit\">Ingresar aqu\u00ed <\/a><\/strong><\/p>\n\n\n\n<p class=\"has-medium-font-size\">\ud83d\udcdaBecas para Seminarios y Cursos<br>Teniendo en cuenta la situaci\u00f3n econ\u00f3mica que est\u00e1 atravesando el Pueblo argentino a partir de las pol\u00edticas neoliberales impulsadas por el gobierno, las Madres de Plaza de Mayo han decidido ofrecer becas del 100% a quienes as\u00ed lo necesiten.<br>\u27a1\ufe0f Sin embargo, para poder seguir sosteniendo la Casa de las Madres, pod\u00e9s realizar un aporte solidario.<\/p>\n\n\n\n<p class=\"has-medium-font-size\"><strong>Fundamentaci\u00f3n<\/strong><\/p>\n\n\n\n<p class=\"has-medium-font-size\">Por muchos a\u00f1os el axioma principal en la pr\u00e1ctica del Cine Documental fue que se trataba de una herramienta de denuncia. Es m\u00e1s, la identidad del documental latinoamericano desde mediados del siglo XX (especialmente el argentino) descansa en grandes referentes y pel\u00edculas que expusieron radicalmente las condiciones socio econ\u00f3micas y pol\u00edticas de sometimiento de grandes masas sociales, especialmente de las y los excluidos del sistema. En la urgente coyuntura y basado en la importancia de develar las relaciones de poder actuales, la batalla contra el monopolio de la palabra, de las im\u00e1genes \u201coficiales\u201d y las narrativas impuestas por los medios hegem\u00f3nicos de comunicaci\u00f3n, se propone un recorrido por las historias, los contextos, las teor\u00edas y las herramientas t\u00e9cnicas principales del cine documental de investigaci\u00f3n.&nbsp;&nbsp;<\/p>\n\n\n\n<p class=\"has-medium-font-size\"><strong>Objetivos<\/strong><\/p>\n\n\n\n<p class=\"has-medium-font-size\">Se busca generar una mirada hacia el cine documental como realizadores e int\u00e9rpretes del contexto en el que habitan. Cuadros pol\u00edticos e hist\u00f3ricos, conscientes de su lugar \u00e9tico como comunicadoras y comunicadores.&nbsp;Es prop\u00f3sito tambi\u00e9n hacer comprender la subjetividad de la mirada y valorar la misma mediante la conexi\u00f3n con otras disciplinas, tales como la etnograf\u00eda, antropolog\u00eda, las artes visuales y la metodolog\u00eda de la investigaci\u00f3n, para entender que somos seres culturales que tratamos de registrar audiovisualmente a otros\/as en su red de significados propios, pero en presencia de relaciones de fuerza antag\u00f3nicas.<\/p>\n\n\n\n<p class=\"has-medium-font-size\"><strong>Metodolog\u00eda<\/strong><\/p>\n\n\n\n<p class=\"has-medium-font-size\">La metodolog\u00eda base de este seminario es lo que en la pedagog\u00eda freireana se conoce como <em>ense\u00f1aje, <\/em>es decir, el acto educativo ser\u00e1 dial\u00f3gico y rec\u00edproco. A trav\u00e9s de la lectura de bibliograf\u00eda, el visionado de pel\u00edculas, clases maestras de especialistas en los roles t\u00e9cnicos del cine y los debates en el aula, al final del seminario los\/as asistentes habr\u00e1n adquirido conocimientos te\u00f3ricos y herramientas pr\u00e1cticas que le permitir\u00e1n comprender, desde la interpretaci\u00f3n personal, los procesos cotidianos de la sociedad, la cultura y los grupos humanos que coexisten en ella, para as\u00ed tener la capacidad de dise\u00f1ar y llevar a cabo el recorrido por el m\u00e9todo de investigaci\u00f3n sobre dichos procesos. A partir de estos conocimientos y herramientas ser\u00e1 capaz de dise\u00f1ar un proyecto de investigaci\u00f3n que lo guiar\u00e1 en la realizaci\u00f3n grupal de una pel\u00edcula documental.&nbsp;<\/p>\n\n\n\n<p class=\"has-medium-font-size\"><strong>Contenidos&nbsp;<\/strong><\/p>\n\n\n\n<p class=\"has-medium-font-size\"><strong>M\u00f3dulo 1<\/strong>: Historia del cine documental latinoamericano (semillas y referencias de nuestra contemporaneidad)<\/p>\n\n\n\n<p class=\"has-medium-font-size\"><strong>M\u00f3dulo 2<\/strong>: Investigaci\u00f3n documental (m\u00e9todos, t\u00e9cnicas y objeto de estudio)<\/p>\n\n\n\n<p class=\"has-medium-font-size\"><strong>M\u00f3dulo 3<\/strong>: Direcci\u00f3n (\u00e9tica y est\u00e9tica \/ punto de vista \/ realizaci\u00f3n Integral)<\/p>\n\n\n\n<p class=\"has-medium-font-size\"><strong>M\u00f3dulo 4<\/strong>: Gui\u00f3n (narrativas y contranarrativas)<\/p>\n\n\n\n<p class=\"has-medium-font-size\"><strong>M\u00f3dulo 5<\/strong>: Producci\u00f3n (del hacer y el quehacer en el campo)<\/p>\n\n\n\n<p class=\"has-medium-font-size\"><strong>M\u00f3dulo 6:<\/strong>&nbsp;C\u00e1mara y fotograf\u00eda (el uso narrativo de la t\u00e9cnica y la luz)<\/p>\n\n\n\n<p class=\"has-medium-font-size\"><strong>M\u00f3dulo 7<\/strong>: Sonido (percepci\u00f3n y planos sonoros)<\/p>\n\n\n\n<p class=\"has-medium-font-size\"><strong>M\u00f3dulo 8:&nbsp;<\/strong>Edici\u00f3n y montaje (tallando la historia)<\/p>\n\n\n\n<p class=\"has-medium-font-size\"><strong>M\u00f3dulo 9<\/strong>: Introducci\u00f3n a la Postproducci\u00f3n (afinando el lenguaje)<\/p>\n\n\n\n<p class=\"has-medium-font-size\"><strong>M\u00f3dulo 10<\/strong>: Distribuci\u00f3n (\u00bfcu\u00e1ndo se finaliza una pel\u00edcula?: Redes, festivales y pantallas alternativas)<\/p>\n\n\n\n<p class=\"has-medium-font-size\"><strong>\u00bfPOR QU\u00c9 REALIZAR EL SEMINARIO LA ANTIPO\u00c9TICA DE LO REAL: EL DOCUMENTAL DE INVESTIGACI\u00d3N EN LA UNIVERSIDAD DE LAS MADRES DE PLAZA DE MAYO?<\/strong><\/p>\n\n\n\n<p class=\"has-medium-font-size\">*Mario Bravo Gallardo, docente<\/p>\n\n\n\n<p class=\"has-medium-font-size\">Antrop\u00f3logo de profesi\u00f3n (U. Austral de Chile), documentalista y obrero audiovisual de oficio. Sus asesor\u00edas y docencia se centran en la investigaci\u00f3n sociocultural aplicada al cine documental.&nbsp;Es Licenciado en la Ense\u00f1anza de las Artes Audiovisuales (UNSAM) con diplomado en Desarrollo y Gesti\u00f3n de proyectos en la industria audiovisual (U. Nacional de C\u00f3rdoba). Sus pel\u00edculas han recorrido diversos pa\u00edses y han sido premiadas en festivales nacionales e internacionales, adem\u00e1s, ha dirigido y producido piezas documentales para estamentos p\u00fablicos y privados.&nbsp;Posee una larga trayectoria tanto en la gesti\u00f3n y registro documental del movimiento cooperativo, como en la direcci\u00f3n creativa y realizaci\u00f3n de videopol\u00edtico del movimiento sindical argentino. <a href=\"https:\/\/linktr.ee\/mariobravogallardo\">https:\/\/linktr.ee\/mariobravogallardo<\/a><\/p>\n","protected":false},"excerpt":{"rendered":"<p>Inscripci\u00f3n: Ingresar aqu\u00ed \ud83d\udcdaBecas para Seminarios y CursosTeniendo en cuenta la situaci\u00f3n econ\u00f3mica que est\u00e1 atravesando el Pueblo argentino a partir de las pol\u00edticas neoliberales impulsadas por el gobierno, las Madres de Plaza de Mayo han decidido ofrecer becas del 100% a quienes as\u00ed lo&#8230;<\/p>\n","protected":false},"author":2,"featured_media":4319,"parent":0,"menu_order":0,"comment_status":"closed","ping_status":"closed","template":"","meta":{"footnotes":""},"class_list":["post-4285","page","type-page","status-publish","has-post-thumbnail","hentry"],"_links":{"self":[{"href":"https:\/\/universidadmadres.ar\/index.php?rest_route=\/wp\/v2\/pages\/4285","targetHints":{"allow":["GET"]}}],"collection":[{"href":"https:\/\/universidadmadres.ar\/index.php?rest_route=\/wp\/v2\/pages"}],"about":[{"href":"https:\/\/universidadmadres.ar\/index.php?rest_route=\/wp\/v2\/types\/page"}],"author":[{"embeddable":true,"href":"https:\/\/universidadmadres.ar\/index.php?rest_route=\/wp\/v2\/users\/2"}],"replies":[{"embeddable":true,"href":"https:\/\/universidadmadres.ar\/index.php?rest_route=%2Fwp%2Fv2%2Fcomments&post=4285"}],"version-history":[{"count":2,"href":"https:\/\/universidadmadres.ar\/index.php?rest_route=\/wp\/v2\/pages\/4285\/revisions"}],"predecessor-version":[{"id":4370,"href":"https:\/\/universidadmadres.ar\/index.php?rest_route=\/wp\/v2\/pages\/4285\/revisions\/4370"}],"wp:featuredmedia":[{"embeddable":true,"href":"https:\/\/universidadmadres.ar\/index.php?rest_route=\/wp\/v2\/media\/4319"}],"wp:attachment":[{"href":"https:\/\/universidadmadres.ar\/index.php?rest_route=%2Fwp%2Fv2%2Fmedia&parent=4285"}],"curies":[{"name":"wp","href":"https:\/\/api.w.org\/{rel}","templated":true}]}}