{"id":4149,"date":"2025-10-22T18:24:23","date_gmt":"2025-10-22T18:24:23","guid":{"rendered":"https:\/\/universidadmadres.ar\/?page_id=4149"},"modified":"2025-10-22T18:26:23","modified_gmt":"2025-10-22T18:26:23","slug":"historia-del-imperialismo-estadounidense-en-nuestra-america","status":"publish","type":"page","link":"https:\/\/universidadmadres.ar\/?page_id=4149","title":{"rendered":"Historia del imperialismo estadounidense en Nuestra Am\u00e9rica"},"content":{"rendered":"\n<figure class=\"wp-block-image size-large\"><img loading=\"lazy\" decoding=\"async\" width=\"819\" height=\"1024\" src=\"https:\/\/universidadmadres.ar\/wp-content\/uploads\/2025\/10\/impe-819x1024.png\" alt=\"\" class=\"wp-image-4150\" srcset=\"https:\/\/universidadmadres.ar\/wp-content\/uploads\/2025\/10\/impe-819x1024.png 819w, https:\/\/universidadmadres.ar\/wp-content\/uploads\/2025\/10\/impe-240x300.png 240w, https:\/\/universidadmadres.ar\/wp-content\/uploads\/2025\/10\/impe-768x960.png 768w, https:\/\/universidadmadres.ar\/wp-content\/uploads\/2025\/10\/impe.png 1080w\" sizes=\"auto, (max-width: 819px) 100vw, 819px\" \/><\/figure>\n\n\n\n<p class=\"has-medium-font-size\">Docente: Dr. Juan Francisco Martinez Peria<\/p>\n\n\n\n<p class=\"has-medium-font-size\">Inicio: Martes 11\/11, 18\/11, 25\/11, 2\/12 19 horas.<\/p>\n\n\n\n<p class=\"has-medium-font-size\">Finalizaci\u00f3n: Martes 2\/12 19 horas<\/p>\n\n\n\n<p class=\"has-medium-font-size\">Cierre de la inscripci\u00f3n: Lunes 10\/11<\/p>\n\n\n\n<p class=\"has-medium-font-size\">Inscripci\u00f3n: <a href=\"https:\/\/docs.google.com\/forms\/d\/1PIAW0mQhBHgbhGtRyQt7dxqqkfz_FDwo8zZ92p4wuTw\/edit\" data-type=\"link\" data-id=\"https:\/\/docs.google.com\/forms\/d\/1PIAW0mQhBHgbhGtRyQt7dxqqkfz_FDwo8zZ92p4wuTw\/edit\">Ingresar aqu\u00ed <\/a><\/p>\n\n\n\n<p class=\"has-medium-font-size\">CONTENIDO<\/p>\n\n\n\n<p class=\"has-medium-font-size\">Breve introducci\u00f3n:<\/p>\n\n\n\n<p class=\"has-medium-font-size\">En este curso nos proponemos abordar brevemente la historia del imperialismo estadounidense en Nuestra Am\u00e9rica desde sus or\u00edgenes hasta la actualidad. En este sentido, analizaremos en clave hist\u00f3rica y multidimensional las diversas formas de expansi\u00f3n e intervenci\u00f3n pol\u00edtica, militar, econ\u00f3mica, financiera, diplom\u00e1tica y cultural de Estados Unidos en Am\u00e9rica Latina y el Caribe, haciendo especial hincapi\u00e9 en los hitos fundamentales de aquel devenir. Asimismo, estudiaremos los discursos que han legitimado la expansi\u00f3n imperialista desde la Doctrina Monroe, el Destino Manifiesto, el panamericanismo hasta la Doctrina de Seguridad Nacional, la guerra contra el terrorismo y la guerra contra las drogas en el siglo XX y en la actualidad. Durante este recorrido, analizaremos las principales causas, motivaciones y consecuencias negativas del imperialismo estadounidense se\u00f1alando la disputa con otros imperios y haciendo especial \u00e9nfasis en la complicidad de las elites latinoamericanas en dicho proceso. A su vez, en contrapartida estudiaremos los principales momentos del antiimperialismo latinoamericano recuperando los grandes hitos de la lucha pol\u00edtica e intelectual en contra de la hegemon\u00eda estadounidense en nuestra regi\u00f3n.<\/p>\n\n\n\n<p class=\"has-medium-font-size\">Clase 1: Los inicios: La Doctrina, Monroe, el Destino manifiesto y<br>el panamericnaismo<\/p>\n\n\n\n<p class=\"has-medium-font-size\">Clase 2: El ascenso: El gran garrote y la diplomacia de las ca\u00f1oneras<\/p>\n\n\n\n<p class=\"has-medium-font-size\">Clase 3: La hegemon\u00eda: La hegemon\u00eda de la super potencia<\/p>\n\n\n\n<p class=\"has-medium-font-size\">Clase 4: El declive: El declive y la violencia imperialista<\/p>\n\n\n\n<p class=\"has-medium-font-size\"><\/p>\n\n\n\n<p class=\"has-medium-font-size\">Bibliograf\u00eda General<\/p>\n\n\n\n<p class=\"has-medium-font-size\">Bor\u00f3n, Atilio, Am\u00e9rica Latina en la geopol\u00edtica del imperialismo, Buenos Aires, Ediciones Luxemburg, 2012.<\/p>\n\n\n\n<p class=\"has-medium-font-size\">Monitz Bandeira, Luiz Alberto, La Formaci\u00f3n del Imperio Americano, Buenos Aires, Norma, 2008.<\/p>\n\n\n\n<p class=\"has-medium-font-size\">Morgenfeld, Leandro, Nuestra Am\u00e9rica frente a la Doctrina Monroe, Buenos Aires, Batalla de Ideas, CLACSO, 2023.<\/p>\n\n\n\n<p class=\"has-medium-font-size\">Su\u00e1rez Salaza, Luis, Garc\u00eda Lorenzo, Tania, Las Relaciones interamericanas: continuidades y cambios, Buenos Aires, CLACSO, 2008.<\/p>\n\n\n\n<p class=\"has-medium-font-size\">Tr\u00edas, Vivian, Historia del imperialismo norteamericano, Buenos Aires, Pe\u00f1a Lillo, 1977<\/p>\n\n\n\n<p class=\"has-medium-font-size\">MODALIDADES:<\/p>\n\n\n\n<p class=\"has-medium-font-size\">MODALIDAD VIRTUAL: sincr\u00f3nico.<\/p>\n\n\n\n<p class=\"has-medium-font-size\">Docente<\/p>\n\n\n\n<p class=\"has-medium-font-size\">Dr.Juan Francisco Martinez Peria: Abogado (UBA), Magister en Ciencia Pol\u00edtica y Sociolog\u00eda (FLACSO), Mag\u00edster en Historia (Universidad Pompeu Fabra) y Doctor en Historia (Universidad Pompeu Fabra). Docente de grado y posgrado en Historia de Am\u00e9rica Latina e Historia Argentina en la UBA, UNSAM, UNMDP, UNVM, UNR. Director de la carrera de Historia en la UNMA. Autor del libro \u00a1Libertad o Muerte! Historia de la Revoluci\u00f3n Haitiana (ediciones del CCC, 2012), editor del libro El sistema Colonial Develado de Jean Louis Vastey (ediciones del CCC, 2018), editor y traductor del libro Vida y Lucha de los trabajadores negros, antolog\u00eda de textos de George Padmore(Prometeo, 2022), autor del libro George Padmore: La Tradici\u00f3n Radical Negra y la liberaci\u00f3n del Sur Global (Prometeo, 2024), autor del libro Jean Louis Vastey, el fil\u00f3sofo pol\u00edtico de la Revoluci\u00f3n Haitiana (CICCUS, 2025)<\/p>\n","protected":false},"excerpt":{"rendered":"<p>Docente: Dr. Juan Francisco Martinez Peria Inicio: Martes 11\/11, 18\/11, 25\/11, 2\/12 19 horas. Finalizaci\u00f3n: Martes 2\/12 19 horas Cierre de la inscripci\u00f3n: Lunes 10\/11 Inscripci\u00f3n: Ingresar aqu\u00ed CONTENIDO Breve introducci\u00f3n: En este curso nos proponemos abordar brevemente la historia del imperialismo estadounidense en Nuestra&#8230;<\/p>\n","protected":false},"author":2,"featured_media":4150,"parent":0,"menu_order":0,"comment_status":"closed","ping_status":"closed","template":"","meta":{"footnotes":""},"class_list":["post-4149","page","type-page","status-publish","has-post-thumbnail","hentry"],"_links":{"self":[{"href":"https:\/\/universidadmadres.ar\/index.php?rest_route=\/wp\/v2\/pages\/4149","targetHints":{"allow":["GET"]}}],"collection":[{"href":"https:\/\/universidadmadres.ar\/index.php?rest_route=\/wp\/v2\/pages"}],"about":[{"href":"https:\/\/universidadmadres.ar\/index.php?rest_route=\/wp\/v2\/types\/page"}],"author":[{"embeddable":true,"href":"https:\/\/universidadmadres.ar\/index.php?rest_route=\/wp\/v2\/users\/2"}],"replies":[{"embeddable":true,"href":"https:\/\/universidadmadres.ar\/index.php?rest_route=%2Fwp%2Fv2%2Fcomments&post=4149"}],"version-history":[{"count":2,"href":"https:\/\/universidadmadres.ar\/index.php?rest_route=\/wp\/v2\/pages\/4149\/revisions"}],"predecessor-version":[{"id":4153,"href":"https:\/\/universidadmadres.ar\/index.php?rest_route=\/wp\/v2\/pages\/4149\/revisions\/4153"}],"wp:featuredmedia":[{"embeddable":true,"href":"https:\/\/universidadmadres.ar\/index.php?rest_route=\/wp\/v2\/media\/4150"}],"wp:attachment":[{"href":"https:\/\/universidadmadres.ar\/index.php?rest_route=%2Fwp%2Fv2%2Fmedia&parent=4149"}],"curies":[{"name":"wp","href":"https:\/\/api.w.org\/{rel}","templated":true}]}}