{"id":4066,"date":"2025-08-05T14:56:47","date_gmt":"2025-08-05T14:56:47","guid":{"rendered":"https:\/\/universidadmadres.ar\/?page_id=4066"},"modified":"2026-04-07T16:31:33","modified_gmt":"2026-04-07T16:31:33","slug":"mision-institucional","status":"publish","type":"page","link":"https:\/\/universidadmadres.ar\/?page_id=4066","title":{"rendered":"Misi\u00f3n Institucional"},"content":{"rendered":"\n<p class=\"has-medium-font-size\"><strong>FORMAR EN DERECHOS HUMANOS<\/strong><br><strong>PERSPECTIVA INSTITUCIONAL Y ACAD\u00c9MICA<\/strong><\/p>\n\n\n\n<p class=\"has-medium-font-size\"><strong><br><\/strong><strong>1. MISI\u00d3N Y VISI\u00d3N<\/strong><strong><br><\/strong>La Universidad de las Madres de Plaza de Mayo &#8211; Centro de Estudios entiende como misi\u00f3n irrenunciable de las instituciones educativas argentinas contribuir al desarrollo nacional, al mejoramiento de las condiciones de vida del pueblo, a la democratizaci\u00f3n de la vida colectiva, a la resoluci\u00f3n de los problemas concretos que aquejan a la comunidad, a la creaci\u00f3n y difusi\u00f3n de un conocimiento socialmente \u00fatil en el marco del di\u00e1logo entre el saber acad\u00e9mico y las culturas populares.<\/p>\n\n\n\n<p class=\"has-medium-font-size\">Por eso postula una visi\u00f3n afincada en la b\u00fasqueda de la excelencia acad\u00e9mica en la creaci\u00f3n, ense\u00f1anza y transferencia de conocimiento, con definida orientaci\u00f3n en el campo de los Derechos Humanos.<\/p>\n\n\n\n<p class=\"has-medium-font-size\"><br><strong>2. FINES Y METAS<\/strong><strong><br><\/strong>Objetivos espec\u00edficos:<br>a) Crear y transmitir conocimiento acad\u00e9mico y cient\u00edfico socialmente relevante, a trav\u00e9s de las actividades de ense\u00f1anza, investigaci\u00f3n y vinculaci\u00f3n comunitaria, con especial \u00e9nfasis en los Derechos Humanos, asegurando una formaci\u00f3n profesional de excelencia y compromiso solidario con la comunidad.<br>b) Organizar e impartir educaci\u00f3n en actividades presenciales o a distancia, privilegiando una oferta acad\u00e9mica que responda a la soluci\u00f3n de problemas reales de la comunidad, respetando la orientaci\u00f3n especial en Derechos Humanos.<br>c) Formar personas reflexivas, comprometidas con los Derechos Humanos y la preservaci\u00f3n de la Memoria, respetuosas del r\u00e9gimen democr\u00e1tico, solidarias y capaces de trabajar en colaboraci\u00f3n con otras.<br>d) Implementar actividades de creaci\u00f3n de conocimiento a trav\u00e9s de la investigaci\u00f3n aplicada en el campo de las Humanidades y las Ciencias Sociales, con prioridad en la generaci\u00f3n de conocimientos socialmente relevantes a la hora de contribuir a expandir el horizonte de derechos pol\u00edticos, sociales y culturales de la comunidad nacional.<br>e) Desarrollar las actividades de ense\u00f1anza en el marco de pedagog\u00edas cr\u00edticas que promuevan un horizonte de igualdad entre educadores y educandos y la colaboraci\u00f3n solidaria en la creaci\u00f3n de conocimiento, incentivando asimismo la modernizaci\u00f3n de las t\u00e9cnicas y la integraci\u00f3n de tecnolog\u00edas aplicadas a la ense\u00f1anza.<br>f) Integrar en la formaci\u00f3n acad\u00e9mica una perspectiva situada culturalmente en lo nacional y regional.<br>g) Suscribir convenios y acuerdos de colaboraci\u00f3n o articulaci\u00f3n con otras instituciones educativas argentinas o extranjeras, centros de estudio o investigaci\u00f3n, organismos p\u00fablicos, organizaciones sociales y populares, prestando especial atenci\u00f3n a la orientaci\u00f3n en el campo de los Derechos Humanos.<br>h) Prestar servicios de asesoramiento en programas vinculados a las Humanidades y Ciencias Sociales con orientaci\u00f3n en Derechos Humanos, asoci\u00e1ndose o estableciendo acuerdos a tal fin con otras instituciones p\u00fablicas o privadas.<br>i) Desarrollar actividades de Vinculaci\u00f3n Comunitaria y\/o extensi\u00f3n en colaboraci\u00f3n con organizaciones sociales, Municipios, organismos p\u00fablicos, dentro y fuera del \u00e1mbito de la CIUDAD AUT\u00d3NOMA DE BUENOS AIRES.<br>j) Establecer una agenda de pr\u00e1cticas comunitarias y profesionales que permita la integraci\u00f3n de las mismas en diversos tramos de la formaci\u00f3n educativa.<br>k) Constituir una comunidad acad\u00e9mica y de trabajo solidaria que contribuya a garantizar la construcci\u00f3n colectiva del conocimiento.<br>l) Contribuir a la preservaci\u00f3n de la Memoria, de la conciencia hist\u00f3rica, y la b\u00fasqueda de Justicia como patrimonio cultural irrenunciable del pueblo argentino, en el marco de la democracia y del respeto de los Derechos Humanos, recuperando y vivificando la experiencia de las Madres de Plaza de Mayo y los distintos sujetos sociales comprometidos con la justicia, la democracia y la lucha contra el olvido y la impunidad.<br>m) Promover acciones que materialicen el di\u00e1logo entre el saber acad\u00e9mico y las culturales, en todo lo atinente a la actividad cultural, art\u00edstica, deportiva y recreativa.<br>n) Desarrollar una l\u00ednea editorial de publicaciones acad\u00e9micas que d\u00e9 cuenta de la producci\u00f3n en investigaci\u00f3n, que contribuya a las actividades de ense\u00f1anza y que aporte a la difusi\u00f3n de material bibliogr\u00e1fico de calidad en materia de Humanidades y Ciencias Sociales con orientaci\u00f3n en Derechos Humanos.<\/p>\n\n\n\n<p class=\"has-medium-font-size\"><br><strong>3. LINEAS DE ACCI\u00d3N E INTERVENCI\u00d3N ACTUALES<\/strong><strong><br><\/strong>En el marco del \u00e1rea disciplinar de las Humanidades y las Ciencias Sociales con orientaci\u00f3n en Derechos Humanos, la Universidad de las Madres &#8211; Centro de Estudios construye propuestas educativas con orientaci\u00f3n en Derechos Humanos.<br>Actualmente tiene dos grandes l\u00edneas de acci\u00f3n. En primer lugar, la formaci\u00f3n profesional con perspectiva en Derechos Humanos mediante la oferta de cursos de formaci\u00f3n mensuales.<br>En segundo lugar, la difusi\u00f3n de los Derechos Humanos a la ciudadan\u00eda en general. En el marco de esta l\u00ednea de acci\u00f3n e intervenci\u00f3n, se planifican y gestionar\u00e1n una serie de actividades p\u00fablicas orientadas a difundir la defensa de los derechos humanos en un contexto de fuerte avanzada conservadora. As\u00ed como se han firmado una serie de convenios institucionales con otras organizaciones educativas, para promover actividades conducentes al desarrollo y la equidad educativa y cultural de todas la comunidad.\u00a0<\/p>\n","protected":false},"excerpt":{"rendered":"<p>FORMAR EN DERECHOS HUMANOSPERSPECTIVA INSTITUCIONAL Y ACAD\u00c9MICA 1. MISI\u00d3N Y VISI\u00d3NLa Universidad de las Madres de Plaza de Mayo &#8211; Centro de Estudios entiende como misi\u00f3n irrenunciable de las instituciones educativas argentinas contribuir al desarrollo nacional, al mejoramiento de las condiciones de vida del pueblo,&#8230;<\/p>\n","protected":false},"author":2,"featured_media":3965,"parent":0,"menu_order":0,"comment_status":"closed","ping_status":"closed","template":"","meta":{"footnotes":""},"class_list":["post-4066","page","type-page","status-publish","has-post-thumbnail","hentry"],"_links":{"self":[{"href":"https:\/\/universidadmadres.ar\/index.php?rest_route=\/wp\/v2\/pages\/4066","targetHints":{"allow":["GET"]}}],"collection":[{"href":"https:\/\/universidadmadres.ar\/index.php?rest_route=\/wp\/v2\/pages"}],"about":[{"href":"https:\/\/universidadmadres.ar\/index.php?rest_route=\/wp\/v2\/types\/page"}],"author":[{"embeddable":true,"href":"https:\/\/universidadmadres.ar\/index.php?rest_route=\/wp\/v2\/users\/2"}],"replies":[{"embeddable":true,"href":"https:\/\/universidadmadres.ar\/index.php?rest_route=%2Fwp%2Fv2%2Fcomments&post=4066"}],"version-history":[{"count":2,"href":"https:\/\/universidadmadres.ar\/index.php?rest_route=\/wp\/v2\/pages\/4066\/revisions"}],"predecessor-version":[{"id":4381,"href":"https:\/\/universidadmadres.ar\/index.php?rest_route=\/wp\/v2\/pages\/4066\/revisions\/4381"}],"wp:featuredmedia":[{"embeddable":true,"href":"https:\/\/universidadmadres.ar\/index.php?rest_route=\/wp\/v2\/media\/3965"}],"wp:attachment":[{"href":"https:\/\/universidadmadres.ar\/index.php?rest_route=%2Fwp%2Fv2%2Fmedia&parent=4066"}],"curies":[{"name":"wp","href":"https:\/\/api.w.org\/{rel}","templated":true}]}}