{"id":4003,"date":"2025-08-05T12:38:35","date_gmt":"2025-08-05T12:38:35","guid":{"rendered":"https:\/\/universidadmadres.ar\/?page_id=4003"},"modified":"2025-08-05T13:23:57","modified_gmt":"2025-08-05T13:23:57","slug":"introduccion-a-la-lutheria","status":"publish","type":"page","link":"https:\/\/universidadmadres.ar\/?page_id=4003","title":{"rendered":"Introducci\u00f3n a la Luther\u00eda"},"content":{"rendered":"\n<p class=\"has-medium-font-size\">Taller pr\u00e1ctico de mantenimiento, reparaci\u00f3n y consolidaci\u00f3n de instrumentos de cuerdas pulsadas (no el\u00e9ctricos)<br>Inicio: martes 12 de agosto<br>Hora: 17 hs<br>Modalidad: Presencial \/ 8 encuentros<br>Finaliza: martes 07 de octubre<br>Cierre de inscripci\u00f3n: 11 de agosto &#8211; 18 hs<\/p>\n\n\n\n<p class=\"has-white-color has-text-color has-link-color wp-elements-7e4ac651328708ea719ac0894fa30934\">.<\/p>\n\n\n\n<p class=\"has-medium-font-size\"><strong>Ingres\u00e1 en el siguiente enlace para inscribirte:<\/strong> <strong><a href=\"https:\/\/docs.google.com\/forms\/d\/e\/1FAIpQLSd6aUvmU6ViJzWUlT2lkSpRhPNWFPESTxOxOGuVRJLjaBzGWQ\/viewform\" data-type=\"link\" data-id=\"https:\/\/docs.google.com\/forms\/d\/e\/1FAIpQLSd6aUvmU6ViJzWUlT2lkSpRhPNWFPESTxOxOGuVRJLjaBzGWQ\/viewform\">Curso Luther\u00eda<\/a><\/strong> <\/p>\n\n\n\n<p class=\"has-white-color has-text-color has-link-color wp-elements-7e4ac651328708ea719ac0894fa30934\">.<\/p>\n\n\n\n<p class=\"has-medium-font-size\"><br><strong>Contenidos:<\/strong><br>\uf0b7 Encuentros 1 y 2: An\u00e1lisis del estado de los instrumentos<br>\uf0b7 Encuentros 3 al 6:<br>\u2014 Limpieza e hidrataci\u00f3n<br>\u2014 Rectificaci\u00f3n de trastes y cejas\/cejillas<br>\u2014 Reparaci\u00f3n de rajas menores (si las hubiera)<br>\u2014 Control y fijaci\u00f3n de clavijas y clavijeros<br>\u2014 Re-encolado de puentes<br>\uf0b7 Encuentros 7 y 8: Producci\u00f3n musical con instrumentos reparados<\/p>\n\n\n\n<p class=\"has-medium-font-size\"><br>Podr\u00e1n participar j\u00f3venes m\u00fasicas\/os, estudiantes de m\u00fasica, aficionadas\/os y quienes quieran hacer un primer acercamiento al oficio de la luther\u00eda. Tambi\u00e9n aquellas personas que no posean instrumento propio a\u00fan.<\/p>\n\n\n\n<p class=\"has-white-color has-text-color has-link-color wp-elements-7e4ac651328708ea719ac0894fa30934\">.<\/p>\n\n\n\n<p class=\"has-medium-font-size\"><br>Docente: Silvia Spina.<br>Es miembro de El Pentacordio, una cooperativa de luthiers en Buenos Aires dedicada a la construcci\u00f3n y restauraci\u00f3n de instrumentos de cuerda pulsada, y participa activamente en sus Talleres M\u00f3viles de Luther\u00eda, financiados por el Fondo Nacional de las Artes. Junto a Horacio Bleynat, encabeza proyectos de extensi\u00f3n cultural. Han llevado la luther\u00eda a comunidades, cooperativas, centros educativos y peque\u00f1os<br>municipios argentinos, promoviendo tanto un oficio artesanal como la inclusi\u00f3n social a trav\u00e9s de la m\u00fasica. Adem\u00e1s de su labor como luthier, Silvia tambi\u00e9n es docente de artes pl\u00e1sticas: dicta clases de dibujo, pintura y t\u00e9cnicas mixtas de manera independiente. Ha colaborado en la direcci\u00f3n, puesta en escena y autor\u00eda de obras de teatro y performances, como La \u00faltima cena (2000\/2001), Mi caja (Teatro por la Identidad), Para el aplauso final y Tambi\u00e9n se muere el mar, todas en colectivos art\u00edsticos de Buenos Aires y la provincia Alternativa. Comunidad en escena.<\/p>\n\n\n\n<p class=\"has-medium-font-size\"><br><strong>Por informes:<\/strong> contactounidelasmadres@gmail.com<\/p>\n\n\n\n<figure class=\"wp-block-image size-large\"><img loading=\"lazy\" decoding=\"async\" width=\"819\" height=\"1024\" src=\"https:\/\/universidadmadres.ar\/wp-content\/uploads\/2025\/08\/Lutheria-819x1024.png\" alt=\"\" class=\"wp-image-4005\" srcset=\"https:\/\/universidadmadres.ar\/wp-content\/uploads\/2025\/08\/Lutheria-819x1024.png 819w, https:\/\/universidadmadres.ar\/wp-content\/uploads\/2025\/08\/Lutheria-240x300.png 240w, https:\/\/universidadmadres.ar\/wp-content\/uploads\/2025\/08\/Lutheria-768x960.png 768w, https:\/\/universidadmadres.ar\/wp-content\/uploads\/2025\/08\/Lutheria.png 1080w\" sizes=\"auto, (max-width: 819px) 100vw, 819px\" \/><\/figure>\n","protected":false},"excerpt":{"rendered":"<p>Taller pr\u00e1ctico de mantenimiento, reparaci\u00f3n y consolidaci\u00f3n de instrumentos de cuerdas pulsadas (no el\u00e9ctricos)Inicio: martes 12 de agostoHora: 17 hsModalidad: Presencial \/ 8 encuentrosFinaliza: martes 07 de octubreCierre de inscripci\u00f3n: 11 de agosto &#8211; 18 hs . Ingres\u00e1 en el siguiente enlace para inscribirte: Curso&#8230;<\/p>\n","protected":false},"author":2,"featured_media":4004,"parent":0,"menu_order":0,"comment_status":"closed","ping_status":"closed","template":"","meta":{"footnotes":""},"class_list":["post-4003","page","type-page","status-publish","has-post-thumbnail","hentry"],"_links":{"self":[{"href":"https:\/\/universidadmadres.ar\/index.php?rest_route=\/wp\/v2\/pages\/4003","targetHints":{"allow":["GET"]}}],"collection":[{"href":"https:\/\/universidadmadres.ar\/index.php?rest_route=\/wp\/v2\/pages"}],"about":[{"href":"https:\/\/universidadmadres.ar\/index.php?rest_route=\/wp\/v2\/types\/page"}],"author":[{"embeddable":true,"href":"https:\/\/universidadmadres.ar\/index.php?rest_route=\/wp\/v2\/users\/2"}],"replies":[{"embeddable":true,"href":"https:\/\/universidadmadres.ar\/index.php?rest_route=%2Fwp%2Fv2%2Fcomments&post=4003"}],"version-history":[{"count":5,"href":"https:\/\/universidadmadres.ar\/index.php?rest_route=\/wp\/v2\/pages\/4003\/revisions"}],"predecessor-version":[{"id":4045,"href":"https:\/\/universidadmadres.ar\/index.php?rest_route=\/wp\/v2\/pages\/4003\/revisions\/4045"}],"wp:featuredmedia":[{"embeddable":true,"href":"https:\/\/universidadmadres.ar\/index.php?rest_route=\/wp\/v2\/media\/4004"}],"wp:attachment":[{"href":"https:\/\/universidadmadres.ar\/index.php?rest_route=%2Fwp%2Fv2%2Fmedia&parent=4003"}],"curies":[{"name":"wp","href":"https:\/\/api.w.org\/{rel}","templated":true}]}}